{"id":15,"date":"2022-09-08T02:43:16","date_gmt":"2022-09-08T02:43:16","guid":{"rendered":"https:\/\/ehrich.com.br\/site\/?page_id=15"},"modified":"2022-12-22T23:45:32","modified_gmt":"2022-12-22T23:45:32","slug":"quem-somos","status":"publish","type":"page","link":"https:\/\/ehrich.com.br\/site\/quem-somos\/","title":{"rendered":"Quem somos"},"content":{"rendered":"<section class=\"l-section wpb_row height_auto\"><div class=\"l-section-h i-cf\"><div class=\"g-cols vc_row via_grid cols_1 laptops-cols_inherit tablets-cols_inherit mobiles-cols_1 valign_top type_default stacking_default\"><div class=\"wpb_column vc_column_container\"><div class=\"vc_column-inner\"><div class=\"w-image us_custom_213e151c align_none\"><div class=\"w-image-h\"><img loading=\"lazy\" decoding=\"async\" width=\"1200\" height=\"570\" src=\"https:\/\/ehrich.com.br\/site\/wp-content\/uploads\/2022\/11\/quemsomos-1.jpg\" class=\"attachment-full size-full\" alt=\"\" srcset=\"https:\/\/ehrich.com.br\/site\/wp-content\/uploads\/2022\/11\/quemsomos-1.jpg 1200w, https:\/\/ehrich.com.br\/site\/wp-content\/uploads\/2022\/11\/quemsomos-1-300x143.jpg 300w, https:\/\/ehrich.com.br\/site\/wp-content\/uploads\/2022\/11\/quemsomos-1-1024x486.jpg 1024w\" sizes=\"auto, (max-width: 1200px) 100vw, 1200px\" \/><\/div><\/div><\/div><\/div><\/div><\/div><\/section><section class=\"l-section wpb_row height_medium\"><div class=\"l-section-h i-cf\"><div class=\"g-cols vc_row via_grid cols_1 laptops-cols_inherit tablets-cols_inherit mobiles-cols_1 valign_top type_default stacking_default\"><div class=\"wpb_column vc_column_container\"><div class=\"vc_column-inner\"><div class=\"wpb_text_column\"><div class=\"wpb_wrapper\"><div class=\"wpb_text_column\">\n<div class=\"wpb_wrapper\">Somos uma empresa de tecnologia a 20 anos no mercado. Atuamos no Nordeste do pa\u00eds com o maior sistema de automa\u00e7\u00e3o de postos de combust\u00edvel e lojas de conveni\u00eancia do Brasil, XPert.<br \/>\nAtuamos tamb\u00e9m com uma das maiores empresas de solu\u00e7\u00f5es em meio de pagamento do Brasil, Tefway, tamb\u00e9m nos estados do Piau\u00ed, Maranh\u00e3o e Cear\u00e1.<\/div>\n<div class=\"wpb_wrapper\">Estamos \u00e0 frente do segmento de varejo e food service com a representa\u00e7\u00e3o dos sistemas de gest\u00e3o da Casa Magalh\u00e3es (SysPDV) e Proabakus (Easyassist).<br \/>\nLevamos inova\u00e7\u00e3o em automa\u00e7\u00e3o e investimos em Customer Success (Sucesso do Cliente).<\/div>\n<\/div>\n<\/div><\/div><\/div><\/div><\/div><\/div><\/section><section class=\"l-section wpb_row height_small\"><div class=\"l-section-overlay\" style=\"background:#f5f5f5\"><\/div><div class=\"l-section-h i-cf\"><div class=\"g-cols vc_row via_grid cols_3 laptops-cols_inherit tablets-cols_inherit mobiles-cols_1 valign_top type_default stacking_default\"><div class=\"wpb_column vc_column_container\"><div class=\"vc_column-inner\"><div class=\"w-flipbox animation_cardflip direction_w\"><div class=\"w-flipbox-h easing_ease\" style=\"transition-duration:0.5s;\"><div class=\"w-flipbox-hh\"><div class=\"w-flipbox-front us_custom_213e151c\" style=\"background:#2f446d;color:#ffffff;\"><div class=\"w-flipbox-front-h\"><div class=\"w-flipbox-front-icon style_default\" style=\"font-size:2rem;color:#ffffff;\"><i class=\"fas fa-bullseye-arrow\"><\/i><\/div><h3 class=\"w-flipbox-front-title\">Miss\u00e3o<\/h3><\/div><\/div><div class=\"w-flipbox-back us_custom_213e151c\" style=\"display:none;background:#1f2d47;color:#ffffff;\"><div class=\"w-flipbox-back-h\"><div class=\"w-flipbox-back-desc\"><p>Levar a melhor experi\u00eancia em automa\u00e7\u00e3o de postos de combust\u00edveis e em sistema de gest\u00e3o para varejo e servi\u00e7os garantindo o sucesso do nosso cliente.<\/p>\n<\/div><\/div><\/div><\/div><\/div><\/div><\/div><\/div><div class=\"wpb_column vc_column_container\"><div class=\"vc_column-inner\"><div class=\"w-flipbox animation_cardflip direction_w\"><div class=\"w-flipbox-h easing_ease\" style=\"transition-duration:0.5s;\"><div class=\"w-flipbox-hh\"><div class=\"w-flipbox-front us_custom_213e151c\" style=\"background:#2f446d;color:#ffffff;\"><div class=\"w-flipbox-front-h\"><div class=\"w-flipbox-front-icon style_default\" style=\"font-size:2rem;color:#ffffff;\"><i class=\"fas fa-eye\"><\/i><\/div><h3 class=\"w-flipbox-front-title\">Vis\u00e3o<\/h3><\/div><\/div><div class=\"w-flipbox-back us_custom_213e151c\" style=\"display:none;background:#1f2d47;color:#ffffff;\"><div class=\"w-flipbox-back-h\"><div class=\"w-flipbox-back-desc\"><p>Ser refer\u00eancia em automa\u00e7\u00e3o, gest\u00e3o empresarial, meios de pagamento e sucesso do cliente em postos de combust\u00edvel, varejo e servi\u00e7os no meio norte do Brasil.<\/p>\n<\/div><\/div><\/div><\/div><\/div><\/div><\/div><\/div><div class=\"wpb_column vc_column_container\"><div class=\"vc_column-inner\"><div class=\"w-flipbox animation_cardflip direction_w\"><div class=\"w-flipbox-h easing_ease\" style=\"transition-duration:0.5s;\"><div class=\"w-flipbox-hh\"><div class=\"w-flipbox-front us_custom_213e151c\" style=\"background:#2f446d;color:#ffffff;\"><div class=\"w-flipbox-front-h\"><div class=\"w-flipbox-front-icon style_default\" style=\"font-size:2rem;color:#ffffff;\"><i class=\"fas fa-star\"><\/i><\/div><h3 class=\"w-flipbox-front-title\">Valores<\/h3><\/div><\/div><div class=\"w-flipbox-back us_custom_213e151c\" style=\"display:none;background:#1f2d47;color:#ffffff;\"><div class=\"w-flipbox-back-h\"><div class=\"w-flipbox-back-desc\"><p>Integridade, honestidade, \u00e9tica, foco no Sucesso do Cliente.<br \/>\nInvestimento em Experi\u00eancia do Colaborador.<\/p>\n<\/div><\/div><\/div><\/div><\/div><\/div><\/div><\/div><\/div><\/div><\/section><section class=\"l-section wpb_row height_medium\"><div class=\"l-section-h i-cf\"><div class=\"g-cols vc_row via_grid cols_2 laptops-cols_inherit tablets-cols_inherit mobiles-cols_1 valign_top type_default stacking_default\"><div class=\"wpb_column vc_column_container\"><div class=\"vc_column-inner\"><div class=\"w-image us_custom_213e151c align_none\"><div class=\"w-image-h\"><img loading=\"lazy\" decoding=\"async\" width=\"1000\" height=\"667\" src=\"https:\/\/ehrich.com.br\/site\/wp-content\/uploads\/2022\/11\/historia.jpg\" class=\"attachment-full size-full\" alt=\"\" srcset=\"https:\/\/ehrich.com.br\/site\/wp-content\/uploads\/2022\/11\/historia.jpg 1000w, https:\/\/ehrich.com.br\/site\/wp-content\/uploads\/2022\/11\/historia-300x200.jpg 300w\" sizes=\"auto, (max-width: 1000px) 100vw, 1000px\" \/><\/div><\/div><\/div><\/div><div class=\"wpb_column vc_column_container\"><div class=\"vc_column-inner\"><div class=\"wpb_text_column\"><div class=\"wpb_wrapper\"><h2>Nossa Hist\u00f3ria<\/h2>\n<p>A Ehrich Tecnologia possui mais de 20 anos de experi\u00eancia no mercado.<br \/>\nIniciamos em 2001 com a representa\u00e7\u00e3o da maior empresa de automa\u00e7\u00e3o de postos de combust\u00edvel e lojas de conveni\u00eancia do Brasil, XPert.<br \/>\nEm 2013 come\u00e7amos nosso trabalho de representa\u00e7\u00e3o junto a TefWay uma das maiores empresas de solu\u00e7\u00f5es em meio de pagamento do Brasil.<\/p>\n<p>Em 2018 nos tornamos revenda com certificado UAIFAI \u2013 TEFWAY.<br \/>\nNo ano de 2021 iniciamos nossa parceria com os sistemas da Casa Magalh\u00e3es e Proabakus com atua\u00e7\u00e3o nos ramos de varejo e food service.<\/p>\n<p>Participamos anualmente de feiras, conven\u00e7\u00f5es e encontros de Postos de Combust\u00edveis, Lojas de Conveni\u00eancia e Varejo em todo o Brasil.<br \/>\nContamos hoje com mais de 700 clientes em nossa carteira.<br \/>\nSomos refer\u00eancia no mercado no meio norte do Brasil em automa\u00e7\u00e3o, gest\u00e3o e suporte ao cliente.<\/p>\n<\/div><\/div><\/div><\/div><\/div><\/div><\/section><section class=\"l-section wpb_row height_medium\"><div class=\"l-section-overlay\" style=\"background:#f5f5f5\"><\/div><div class=\"l-section-h i-cf\"><div class=\"g-cols vc_row via_grid cols_2 laptops-cols_inherit tablets-cols_inherit mobiles-cols_1 valign_top type_default stacking_default\"><div class=\"wpb_column vc_column_container\"><div class=\"vc_column-inner\"><div class=\"w-image us_custom_213e151c align_none\"><div class=\"w-image-h\"><img loading=\"lazy\" decoding=\"async\" width=\"360\" height=\"600\" src=\"https:\/\/ehrich.com.br\/site\/wp-content\/uploads\/2022\/11\/cultura.jpg\" class=\"attachment-full size-full\" alt=\"\" srcset=\"https:\/\/ehrich.com.br\/site\/wp-content\/uploads\/2022\/11\/cultura.jpg 360w, https:\/\/ehrich.com.br\/site\/wp-content\/uploads\/2022\/11\/cultura-180x300.jpg 180w\" sizes=\"auto, (max-width: 360px) 100vw, 360px\" \/><\/div><\/div><\/div><\/div><div class=\"wpb_column vc_column_container\"><div class=\"vc_column-inner\"><div class=\"wpb_text_column\"><div class=\"wpb_wrapper\"><h2>Nossa Cultura<\/h2>\n<p>Na Ehrich Tecnologia estamos abertos a inova\u00e7\u00e3o, desafios e oportunidades do futuro. Investimos em Employee Experience (Experi\u00eancia do Colaborador) desenvolvendo um trabalho colaborativo al\u00e9m das fronteiras funcionais, estimulamos a aprendizagem, criatividade e gera\u00e7\u00e3o de valor.<\/p>\n<p>Desenvolvemos projetos e programas direcionados ao nosso colaborador como o Programa Ehrich Educa\u00e7\u00e3o Corporativa no qual, em conv\u00eanio com universidade, estimulamos a educa\u00e7\u00e3o de curso superior e p\u00f3s-gradua\u00e7\u00e3o.<br \/>\nCuidamos tamb\u00e9m da nossa jornada do cliente garantindo o seu sucesso.<\/p>\n<p>Investimos em plataformas de atendimento remoto e instant\u00e2neas focando sempre no suporte de qualidade. Entendemos o que o cliente precisa, seus valores e desafios. Direcionamos nosso atendimento para garantir uma excelente experi\u00eancia Ehrich.<\/p>\n<\/div><\/div><\/div><\/div><\/div><\/div><\/section>\n","protected":false},"excerpt":{"rendered":"Somos uma empresa de tecnologia a 20 anos no mercado. Atuamos no Nordeste do pa\u00eds com o maior sistema de automa\u00e7\u00e3o de postos de combust\u00edvel e lojas de conveni\u00eancia do Brasil, XPert. Atuamos tamb\u00e9m com uma das maiores empresas de solu\u00e7\u00f5es em meio de pagamento do Brasil, Tefway, tamb\u00e9m nos estados do Piau\u00ed, Maranh\u00e3o e...","protected":false},"author":1,"featured_media":0,"parent":0,"menu_order":0,"comment_status":"closed","ping_status":"closed","template":"","meta":{"footnotes":""},"class_list":["post-15","page","type-page","status-publish","hentry"],"_links":{"self":[{"href":"https:\/\/ehrich.com.br\/site\/wp-json\/wp\/v2\/pages\/15","targetHints":{"allow":["GET"]}}],"collection":[{"href":"https:\/\/ehrich.com.br\/site\/wp-json\/wp\/v2\/pages"}],"about":[{"href":"https:\/\/ehrich.com.br\/site\/wp-json\/wp\/v2\/types\/page"}],"author":[{"embeddable":true,"href":"https:\/\/ehrich.com.br\/site\/wp-json\/wp\/v2\/users\/1"}],"replies":[{"embeddable":true,"href":"https:\/\/ehrich.com.br\/site\/wp-json\/wp\/v2\/comments?post=15"}],"version-history":[{"count":27,"href":"https:\/\/ehrich.com.br\/site\/wp-json\/wp\/v2\/pages\/15\/revisions"}],"predecessor-version":[{"id":240,"href":"https:\/\/ehrich.com.br\/site\/wp-json\/wp\/v2\/pages\/15\/revisions\/240"}],"wp:attachment":[{"href":"https:\/\/ehrich.com.br\/site\/wp-json\/wp\/v2\/media?parent=15"}],"curies":[{"name":"wp","href":"https:\/\/api.w.org\/{rel}","templated":true}]}}